{"id":194,"date":"2023-09-20T17:24:58","date_gmt":"2023-09-20T15:24:58","guid":{"rendered":"https:\/\/terrawise.io\/?page_id=194"},"modified":"2026-03-12T09:32:54","modified_gmt":"2026-03-12T08:32:54","slug":"nyitolap","status":"publish","type":"page","link":"https:\/\/terrawise.io\/en\/","title":{"rendered":"Nyit\u00f3lap"},"content":{"rendered":"<div id=\"pl-194\"  class=\"panel-layout\" ><div id=\"pg-194-0\"  class=\"panel-grid panel-has-style\" ><div class=\"panel-row-style panel-row-style-for-194-0\" ><div id=\"pgc-194-0-0\"  class=\"panel-grid-cell\" ><div id=\"panel-194-0-0-0\" class=\"so-panel widget widget_ndm-icon-block panel-first-child panel-last-child\" data-index=\"0\" ><div\n\t\t\t\n\t\t\tclass=\"so-widget-ndm-icon-block so-widget-ndm-icon-block-default-d75171398898-194\"\n\t\t\t\n\t\t><div class=\"row align-items-center\">\n    <div class=\"col-lg-8\">\n        <h1 class=\"ndm-ib__title mb-0\">Would you like to find out as much information as possible about your chosen property at the touch of a button?<\/h1>    <\/div>\n    <div class=\"col-lg-3 offset-lg-1\">\n        <figure class=\"ndm-ib__icon d-flex align-items-center justify-content-center mb-0\"><img decoding=\"async\" src=\"https:\/\/terrawise.io\/wp-content\/uploads\/2024\/09\/kereses-ikon.svg\" title=\"\" alt=\"Keres\u00e9s ikon\" loading=\"lazy\"><\/figure>    <\/div>\n<\/div><\/div><\/div><\/div><\/div><\/div><div id=\"pg-194-1\"  class=\"panel-grid panel-no-style\" ><div id=\"pgc-194-1-0\"  class=\"panel-grid-cell\" ><div id=\"panel-194-1-0-0\" class=\"so-panel widget widget_ndm-img-block panel-first-child panel-last-child\" data-index=\"1\" ><div\n\t\t\t\n\t\t\tclass=\"so-widget-ndm-img-block so-widget-ndm-img-block-default-d75171398898-194\"\n\t\t\t\n\t\t><div class=\"row\">\n    <div class=\"col-lg-6\">\n        <div class=\"ndm-imgb__desc d-flex flex-column justify-content-end\">\n            <svg class=\"ndm-decor ndm-decor--top\" width=\"171\" height=\"20\" viewBox=\"0 0 171 20\" fill=\"none\" xmlns=\"http:\/\/www.w3.org\/2000\/svg\"><path d=\"M0.290588 -7.46195e-06L9.31668 15.1246C11.1211 18.1482 14.3827 20 17.9038 20L153.387 20C156.908 20 160.169 18.1482 161.974 15.1246L171 0L0.290588 -7.46195e-06Z\" \/><\/svg><h2 class=\"ndm-imgb__title mb-3\">You've come to the right place!<\/h2><p>Our platform revolutionizes real estate search and purchase by gathering all important information in one place.<\/p>\n<p>We gather relevant data from dozens of public sources, including real estate market trends, neighborhood statistics, and crime and financial information. This gives you a comprehensive picture of the property's value, potential, and possible risks.<\/p>\n        <\/div>\n    <\/div>\n    <div class=\"col-lg-6\">\n        <figure class=\"ndm-imgb__img\"><svg class=\"ndm-decor ndm-decor--top\" width=\"171\" height=\"20\" viewBox=\"0 0 171 20\" fill=\"none\" xmlns=\"http:\/\/www.w3.org\/2000\/svg\"><path d=\"M0.290588 -7.46195e-06L9.31668 15.1246C11.1211 18.1482 14.3827 20 17.9038 20L153.387 20C156.908 20 160.169 18.1482 161.974 15.1246L171 0L0.290588 -7.46195e-06Z\" \/><\/svg><img decoding=\"async\" src=\"https:\/\/terrawise.io\/wp-content\/uploads\/2024\/09\/mobile-search.jpg\" title=\"\" alt=\"Lakhely adatok lek\u00e9r\u00e9se\" loading=\"lazy\"><\/figure>    <\/div>\n<\/div><\/div><\/div><\/div><\/div><div id=\"pg-194-2\"  class=\"panel-grid panel-has-style\" ><div class=\"panel-row-style panel-row-style-for-194-2\" ><div id=\"pgc-194-2-0\"  class=\"panel-grid-cell\" ><div id=\"panel-194-2-0-0\" class=\"so-panel widget widget_ndm-headings panel-first-child\" data-index=\"2\" ><div\n\t\t\t\n\t\t\tclass=\"so-widget-ndm-headings so-widget-ndm-headings-default-d75171398898-194\"\n\t\t\t\n\t\t><h4 class=\"ndm-heading text-start text-darkblue mb-3\">We make all this even more efficient with the help of artificial intelligence.<\/h4><\/div><\/div><div id=\"panel-194-2-0-1\" class=\"so-panel widget widget_ndm-headings\" data-index=\"3\" ><div\n\t\t\t\n\t\t\tclass=\"so-widget-ndm-headings so-widget-ndm-headings-default-d75171398898-194\"\n\t\t\t\n\t\t><h4 class=\"ndm-heading text-start text-darkblue mb-3\">Our system not only provides data, but also gives smart advice, taking into account the current market situation and your personal needs.<\/h4><\/div><\/div><div id=\"panel-194-2-0-2\" class=\"so-panel widget widget_ndm-headings panel-last-child\" data-index=\"4\" ><div\n\t\t\t\n\t\t\tclass=\"so-widget-ndm-headings so-widget-ndm-headings-default-d75171398898-194\"\n\t\t\t\n\t\t><h4 class=\"ndm-heading text-start text-darkblue mb-3\">Think about how much time and energy you can save by not having to research every little detail yourself!<\/h4><\/div><\/div><\/div><\/div><\/div><div id=\"pg-194-3\"  class=\"panel-grid panel-has-style\" ><div class=\"panel-row-style panel-row-style-for-194-3\" ><div id=\"pgc-194-3-0\"  class=\"panel-grid-cell\" ><div id=\"panel-194-3-0-0\" class=\"so-panel widget widget_ndm-text-block panel-first-child panel-last-child\" data-index=\"5\" ><div\n\t\t\t\n\t\t\tclass=\"so-widget-ndm-text-block so-widget-ndm-text-block-default-d75171398898-194\"\n\t\t\t\n\t\t><div class=\"ndm-tb text-center\">\n    <h4 class=\"ndm-tb__title mb-0\">Whether you are buying or investing, our platform helps you make informed decisions.<\/h4><svg class=\"ndm-decor ndm-decor--bottom\" width=\"171\" height=\"20\" viewBox=\"0 0 171 20\" fill=\"none\" xmlns=\"http:\/\/www.w3.org\/2000\/svg\"><path d=\"M170.709 20L161.683 4.87537C159.879 1.85179 156.617 -4.93861e-06 153.096 -4.7847e-06L17.6132 1.13745e-06C14.0921 1.29136e-06 10.8305 1.8518 9.0261 4.87538L0 20L170.709 20Z\" fill=\"#F5F7FA\"\/><\/svg><\/div><\/div><\/div><\/div><\/div><\/div><div id=\"pg-194-4\"  class=\"panel-grid panel-has-style\" ><div class=\"panel-row-style panel-row-style-for-194-4\" ><div id=\"pgc-194-4-0\"  class=\"panel-grid-cell\" ><div id=\"panel-194-4-0-0\" class=\"so-panel widget widget_ndm-poster-block panel-first-child panel-last-child\" data-index=\"6\" ><div\n\t\t\t\n\t\t\tclass=\"so-widget-ndm-poster-block so-widget-ndm-poster-block-default-d75171398898-194\"\n\t\t\t\n\t\t><div class=\"ndm-pb d-flex flex-column flex-xl-row\">\n    <svg class=\"ndm-decor ndm-decor--left\" width=\"20\" height=\"171\" viewBox=\"0 0 20 171\" fill=\"none\" xmlns=\"http:\/\/www.w3.org\/2000\/svg\">\n        <path d=\"M0 170.855L15.1246 161.829C18.1482 160.024 20 156.763 20 153.241V17.7585C20 14.2374 18.1482 10.9758 15.1246 9.17136L0 0.145264V170.855Z\" \/>\n    <\/svg>\n    <div class=\"ndm-pb__desc d-flex flex-column justify-content-between\">\n        <h2 class=\"ndm-pb__title mb-3\">Don't miss this opportunity!<\/h2><p>Discover the future of real estate search and find your dream home or your next big investment!<\/p>\n    <\/div>\n    <div class=\"ndm-pb__img\">\n        <figure class=\"ndm-imgb__img mb-0\"><img decoding=\"async\" src=\"https:\/\/terrawise.io\/wp-content\/uploads\/2024\/09\/mobil.png\" title=\"\" alt=\"\" loading=\"lazy\"><\/figure>    <\/div>\n<\/div><\/div><\/div><\/div><\/div><\/div><div id=\"pg-194-5\"  class=\"panel-grid panel-has-style\" ><div class=\"panel-row-style panel-row-style-for-194-5\" ><div id=\"pgc-194-5-0\"  class=\"panel-grid-cell\" ><div id=\"panel-194-5-0-0\" class=\"so-panel widget widget_ndm-sample-houses panel-first-child panel-last-child\" data-index=\"7\" ><div\n\t\t\t\n\t\t\tclass=\"so-widget-ndm-sample-houses so-widget-ndm-sample-houses-default-d75171398898-194\"\n\t\t\t\n\t\t><div class=\"row\">\n                        <div class=\"col-lg-6\">\n                        <div class=\"ndm-sh text-center p-3 p-lg-4\">\n                            <svg class=\"ndm-decor ndm-decor--top\" width=\"171\" height=\"20\" viewBox=\"0 0 171 20\" fill=\"none\" xmlns=\"http:\/\/www.w3.org\/2000\/svg\"><path d=\"M0.290588 -7.46195e-06L9.31668 15.1246C11.1211 18.1482 14.3827 20 17.9038 20L153.387 20C156.908 20 160.169 18.1482 161.974 15.1246L171 0L0.290588 -7.46195e-06Z\" \/><\/svg><figure class=\"ndm-sh__img mb-0\"><img decoding=\"async\" src=\"https:\/\/terrawise.io\/wp-content\/uploads\/2024\/09\/minta-haz-1.jpg\" title=\"\" alt=\"\" loading=\"lazy\"><p class=\"ndm-sh__address text-center fw-bold mb-0\">3200 Gy\u00f6ngy\u00f6s, Bart\u00f3k B\u00e9la u. 2.<\/p><\/figure><a href=\"#0\" class=\"btn btn-primary mt-3 mt-lg-4\">Riport megtekint\u00e9se<svg class=\"ms-3\" width=\"16\" height=\"14\" viewBox=\"0 0 16 14\" fill=\"none\" xmlns=\"http:\/\/www.w3.org\/2000\/svg\"><path fill-rule=\"evenodd\" clip-rule=\"evenodd\" d=\"M0 7.00048C0 6.73529 0.105345 6.48097 0.292861 6.29345C0.480376 6.10594 0.734701 6.00059 0.999888 6.00059H12.5846L8.29107 1.70907C8.10332 1.52132 7.99784 1.26667 7.99784 1.00115C7.99784 0.73563 8.10332 0.480983 8.29107 0.293231C8.47883 0.105478 8.73347 0 8.99899 0C9.26452 0 9.51916 0.105478 9.70692 0.293231L15.7062 6.29256C15.7994 6.38544 15.8732 6.49578 15.9236 6.61726C15.9741 6.73873 16 6.86896 16 7.00048C16 7.132 15.9741 7.26223 15.9236 7.38371C15.8732 7.50518 15.7994 7.61552 15.7062 7.7084L9.70692 13.7077C9.51916 13.8955 9.26452 14.001 8.99899 14.001C8.73347 14.001 8.47883 13.8955 8.29107 13.7077C8.10332 13.52 7.99784 13.2653 7.99784 12.9998C7.99784 12.7343 8.10332 12.4796 8.29107 12.2919L12.5846 8.00037H0.999888C0.734701 8.00037 0.480376 7.89503 0.292861 7.70751C0.105345 7.51999 0 7.26567 0 7.00048Z\" \/><\/svg><\/a>                        <\/div>\n                    <\/div>\n                                    <div class=\"col-lg-6\">\n                        <div class=\"ndm-sh text-center p-3 p-lg-4\">\n                            <svg class=\"ndm-decor ndm-decor--top\" width=\"171\" height=\"20\" viewBox=\"0 0 171 20\" fill=\"none\" xmlns=\"http:\/\/www.w3.org\/2000\/svg\"><path d=\"M0.290588 -7.46195e-06L9.31668 15.1246C11.1211 18.1482 14.3827 20 17.9038 20L153.387 20C156.908 20 160.169 18.1482 161.974 15.1246L171 0L0.290588 -7.46195e-06Z\" \/><\/svg><figure class=\"ndm-sh__img mb-0\"><img decoding=\"async\" src=\"https:\/\/terrawise.io\/wp-content\/uploads\/2024\/09\/minta-haz-2.jpg\" title=\"\" alt=\"\" loading=\"lazy\"><p class=\"ndm-sh__address text-center fw-bold mb-0\">8220 Balatonalm\u00e1di, Liszt Ferenc u. 38-26.<\/p><\/figure><a href=\"#0\" class=\"btn btn-primary mt-3 mt-lg-4\">Riport megtekint\u00e9se<svg class=\"ms-3\" width=\"16\" height=\"14\" viewBox=\"0 0 16 14\" fill=\"none\" xmlns=\"http:\/\/www.w3.org\/2000\/svg\"><path fill-rule=\"evenodd\" clip-rule=\"evenodd\" d=\"M0 7.00048C0 6.73529 0.105345 6.48097 0.292861 6.29345C0.480376 6.10594 0.734701 6.00059 0.999888 6.00059H12.5846L8.29107 1.70907C8.10332 1.52132 7.99784 1.26667 7.99784 1.00115C7.99784 0.73563 8.10332 0.480983 8.29107 0.293231C8.47883 0.105478 8.73347 0 8.99899 0C9.26452 0 9.51916 0.105478 9.70692 0.293231L15.7062 6.29256C15.7994 6.38544 15.8732 6.49578 15.9236 6.61726C15.9741 6.73873 16 6.86896 16 7.00048C16 7.132 15.9741 7.26223 15.9236 7.38371C15.8732 7.50518 15.7994 7.61552 15.7062 7.7084L9.70692 13.7077C9.51916 13.8955 9.26452 14.001 8.99899 14.001C8.73347 14.001 8.47883 13.8955 8.29107 13.7077C8.10332 13.52 7.99784 13.2653 7.99784 12.9998C7.99784 12.7343 8.10332 12.4796 8.29107 12.2919L12.5846 8.00037H0.999888C0.734701 8.00037 0.480376 7.89503 0.292861 7.70751C0.105345 7.51999 0 7.26567 0 7.00048Z\" \/><\/svg><\/a>                        <\/div>\n                    <\/div>\n                <\/div><\/div><\/div><\/div><\/div><\/div><\/div>","protected":false},"excerpt":{"rendered":"<p>Would you like to find out as much information as possible about your chosen property at the touch of a button? You&#8217;ve come to the right place!Our platform revolutionizes real estate search and purchase by gathering all important information in one place. We gather relevant data from dozens of public sources, including real estate market [&hellip;]<\/p>\n","protected":false},"author":2,"featured_media":0,"parent":0,"menu_order":0,"comment_status":"closed","ping_status":"closed","template":"nyitolap.php","meta":{"_acf_changed":false,"footnotes":""},"class_list":["post-194","page","type-page","status-publish","hentry"],"acf":[],"yoast_head":"<!-- This site is optimized with the Yoast SEO Premium plugin v27.4 (Yoast SEO v27.4) - https:\/\/yoast.com\/product\/yoast-seo-premium-wordpress\/ -->\n<title>Nyit\u00f3lap | TerraWise<\/title>\n<meta name=\"description\" content=\"Rept\u00e9r a szomsz\u00e9dban? Vesz\u00e9lyek \u00e9s b\u0171n\u00f6z\u00e9si mutat\u00f3k? Ne \u00e9rjen meglepet\u00e9s, tudj meg mindent a kiszemelt h\u00e1zr\u00f3l! Okos ingatlan adatok az MI erej\u00e9vel.\" \/>\n<meta name=\"robots\" content=\"index, follow, max-snippet:-1, max-image-preview:large, max-video-preview:-1\" \/>\n<link rel=\"canonical\" href=\"https:\/\/terrawise.io\/en\/\" \/>\n<meta property=\"og:locale\" content=\"en_US\" \/>\n<meta property=\"og:type\" content=\"article\" \/>\n<meta property=\"og:title\" content=\"TerraWise | Okos ingatlan adatok az MI erej\u00e9vel\" \/>\n<meta property=\"og:description\" content=\"Szeretn\u00e9d egyetlen gombnyom\u00e1ssal megtudni a legt\u00f6bb inf\u00f3t a kiszemelt ingatlanr\u00f3l? Megalapozott d\u00f6nt\u00e9s percek alatt. Okos ingatlan adatok az MI erej\u00e9vel.\" \/>\n<meta property=\"og:url\" content=\"https:\/\/terrawise.io\/en\/\" \/>\n<meta property=\"og:site_name\" content=\"TerraWise\" \/>\n<meta property=\"article:publisher\" content=\"https:\/\/www.facebook.com\/profile.php?id=61573372874284\" \/>\n<meta property=\"article:modified_time\" content=\"2026-03-12T08:32:54+00:00\" \/>\n<meta property=\"og:image\" content=\"https:\/\/terrawise.io\/wp-content\/uploads\/2024\/09\/terrawise-logo.png\" \/>\n\t<meta property=\"og:image:width\" content=\"448\" \/>\n\t<meta property=\"og:image:height\" content=\"217\" \/>\n\t<meta property=\"og:image:type\" content=\"image\/png\" \/>\n<meta name=\"twitter:card\" content=\"summary_large_image\" \/>\n<script type=\"application\/ld+json\" class=\"yoast-schema-graph\">{\"@context\":\"https:\\\/\\\/schema.org\",\"@graph\":[{\"@type\":\"WebPage\",\"@id\":\"https:\\\/\\\/terrawise.io\\\/en\\\/\",\"url\":\"https:\\\/\\\/terrawise.io\\\/en\\\/\",\"name\":\"Nyit\u00f3lap | TerraWise\",\"isPartOf\":{\"@id\":\"https:\\\/\\\/terrawise.io\\\/#website\"},\"datePublished\":\"2023-09-20T15:24:58+00:00\",\"dateModified\":\"2026-03-12T08:32:54+00:00\",\"description\":\"Rept\u00e9r a szomsz\u00e9dban? Vesz\u00e9lyek \u00e9s b\u0171n\u00f6z\u00e9si mutat\u00f3k? Ne \u00e9rjen meglepet\u00e9s, tudj meg mindent a kiszemelt h\u00e1zr\u00f3l! Okos ingatlan adatok az MI erej\u00e9vel.\",\"breadcrumb\":{\"@id\":\"https:\\\/\\\/terrawise.io\\\/en\\\/#breadcrumb\"},\"inLanguage\":\"en-US\",\"potentialAction\":[{\"@type\":\"ReadAction\",\"target\":[\"https:\\\/\\\/terrawise.io\\\/en\\\/\"]}]},{\"@type\":\"BreadcrumbList\",\"@id\":\"https:\\\/\\\/terrawise.io\\\/en\\\/#breadcrumb\",\"itemListElement\":[{\"@type\":\"ListItem\",\"position\":1,\"name\":\"Kezd\u0151lap\",\"item\":\"https:\\\/\\\/terrawise.io\\\/en\\\/\"},{\"@type\":\"ListItem\",\"position\":2,\"name\":\"Nyit\u00f3lap\"}]},{\"@type\":\"WebSite\",\"@id\":\"https:\\\/\\\/terrawise.io\\\/#website\",\"url\":\"https:\\\/\\\/terrawise.io\\\/\",\"name\":\"TerraWise\",\"description\":\"Okos ingatlan adatok az MI erej\u00e9vel\",\"publisher\":{\"@id\":\"https:\\\/\\\/terrawise.io\\\/#organization\"},\"potentialAction\":[{\"@type\":\"SearchAction\",\"target\":{\"@type\":\"EntryPoint\",\"urlTemplate\":\"https:\\\/\\\/terrawise.io\\\/?s={search_term_string}\"},\"query-input\":{\"@type\":\"PropertyValueSpecification\",\"valueRequired\":true,\"valueName\":\"search_term_string\"}}],\"inLanguage\":\"en-US\"},{\"@type\":\"Organization\",\"@id\":\"https:\\\/\\\/terrawise.io\\\/#organization\",\"name\":\"TerraWise.io | Okos ingatlan adatok az MI erej\u00e9vel\",\"url\":\"https:\\\/\\\/terrawise.io\\\/\",\"logo\":{\"@type\":\"ImageObject\",\"inLanguage\":\"en-US\",\"@id\":\"https:\\\/\\\/terrawise.io\\\/#\\\/schema\\\/logo\\\/image\\\/\",\"url\":\"https:\\\/\\\/terrawise.io\\\/wp-content\\\/uploads\\\/2024\\\/09\\\/terrawise-logo.png\",\"contentUrl\":\"https:\\\/\\\/terrawise.io\\\/wp-content\\\/uploads\\\/2024\\\/09\\\/terrawise-logo.png\",\"width\":448,\"height\":217,\"caption\":\"TerraWise.io | Okos ingatlan adatok az MI erej\u00e9vel\"},\"image\":{\"@id\":\"https:\\\/\\\/terrawise.io\\\/#\\\/schema\\\/logo\\\/image\\\/\"},\"sameAs\":[\"https:\\\/\\\/www.facebook.com\\\/profile.php?id=61573372874284\"]}]}<\/script>\n<!-- \/ Yoast SEO Premium plugin. -->","yoast_head_json":{"title":"Nyit\u00f3lap | TerraWise","description":"Rept\u00e9r a szomsz\u00e9dban? Vesz\u00e9lyek \u00e9s b\u0171n\u00f6z\u00e9si mutat\u00f3k? Ne \u00e9rjen meglepet\u00e9s, tudj meg mindent a kiszemelt h\u00e1zr\u00f3l! Okos ingatlan adatok az MI erej\u00e9vel.","robots":{"index":"index","follow":"follow","max-snippet":"max-snippet:-1","max-image-preview":"max-image-preview:large","max-video-preview":"max-video-preview:-1"},"canonical":"https:\/\/terrawise.io\/en\/","og_locale":"en_US","og_type":"article","og_title":"TerraWise | Okos ingatlan adatok az MI erej\u00e9vel","og_description":"Szeretn\u00e9d egyetlen gombnyom\u00e1ssal megtudni a legt\u00f6bb inf\u00f3t a kiszemelt ingatlanr\u00f3l? Megalapozott d\u00f6nt\u00e9s percek alatt. Okos ingatlan adatok az MI erej\u00e9vel.","og_url":"https:\/\/terrawise.io\/en\/","og_site_name":"TerraWise","article_publisher":"https:\/\/www.facebook.com\/profile.php?id=61573372874284","article_modified_time":"2026-03-12T08:32:54+00:00","og_image":[{"width":448,"height":217,"url":"https:\/\/terrawise.io\/wp-content\/uploads\/2024\/09\/terrawise-logo.png","type":"image\/png"}],"twitter_card":"summary_large_image","schema":{"@context":"https:\/\/schema.org","@graph":[{"@type":"WebPage","@id":"https:\/\/terrawise.io\/en\/","url":"https:\/\/terrawise.io\/en\/","name":"Nyit\u00f3lap | TerraWise","isPartOf":{"@id":"https:\/\/terrawise.io\/#website"},"datePublished":"2023-09-20T15:24:58+00:00","dateModified":"2026-03-12T08:32:54+00:00","description":"Rept\u00e9r a szomsz\u00e9dban? Vesz\u00e9lyek \u00e9s b\u0171n\u00f6z\u00e9si mutat\u00f3k? Ne \u00e9rjen meglepet\u00e9s, tudj meg mindent a kiszemelt h\u00e1zr\u00f3l! Okos ingatlan adatok az MI erej\u00e9vel.","breadcrumb":{"@id":"https:\/\/terrawise.io\/en\/#breadcrumb"},"inLanguage":"en-US","potentialAction":[{"@type":"ReadAction","target":["https:\/\/terrawise.io\/en\/"]}]},{"@type":"BreadcrumbList","@id":"https:\/\/terrawise.io\/en\/#breadcrumb","itemListElement":[{"@type":"ListItem","position":1,"name":"Kezd\u0151lap","item":"https:\/\/terrawise.io\/en\/"},{"@type":"ListItem","position":2,"name":"Nyit\u00f3lap"}]},{"@type":"WebSite","@id":"https:\/\/terrawise.io\/#website","url":"https:\/\/terrawise.io\/","name":"TerraWise","description":"Okos ingatlan adatok az MI erej\u00e9vel","publisher":{"@id":"https:\/\/terrawise.io\/#organization"},"potentialAction":[{"@type":"SearchAction","target":{"@type":"EntryPoint","urlTemplate":"https:\/\/terrawise.io\/?s={search_term_string}"},"query-input":{"@type":"PropertyValueSpecification","valueRequired":true,"valueName":"search_term_string"}}],"inLanguage":"en-US"},{"@type":"Organization","@id":"https:\/\/terrawise.io\/#organization","name":"TerraWise.io | Okos ingatlan adatok az MI erej\u00e9vel","url":"https:\/\/terrawise.io\/","logo":{"@type":"ImageObject","inLanguage":"en-US","@id":"https:\/\/terrawise.io\/#\/schema\/logo\/image\/","url":"https:\/\/terrawise.io\/wp-content\/uploads\/2024\/09\/terrawise-logo.png","contentUrl":"https:\/\/terrawise.io\/wp-content\/uploads\/2024\/09\/terrawise-logo.png","width":448,"height":217,"caption":"TerraWise.io | Okos ingatlan adatok az MI erej\u00e9vel"},"image":{"@id":"https:\/\/terrawise.io\/#\/schema\/logo\/image\/"},"sameAs":["https:\/\/www.facebook.com\/profile.php?id=61573372874284"]}]}},"_links":{"self":[{"href":"https:\/\/terrawise.io\/en\/wp-json\/wp\/v2\/pages\/194","targetHints":{"allow":["GET"]}}],"collection":[{"href":"https:\/\/terrawise.io\/en\/wp-json\/wp\/v2\/pages"}],"about":[{"href":"https:\/\/terrawise.io\/en\/wp-json\/wp\/v2\/types\/page"}],"author":[{"embeddable":true,"href":"https:\/\/terrawise.io\/en\/wp-json\/wp\/v2\/users\/2"}],"replies":[{"embeddable":true,"href":"https:\/\/terrawise.io\/en\/wp-json\/wp\/v2\/comments?post=194"}],"version-history":[{"count":4,"href":"https:\/\/terrawise.io\/en\/wp-json\/wp\/v2\/pages\/194\/revisions"}],"predecessor-version":[{"id":203,"href":"https:\/\/terrawise.io\/en\/wp-json\/wp\/v2\/pages\/194\/revisions\/203"}],"wp:attachment":[{"href":"https:\/\/terrawise.io\/en\/wp-json\/wp\/v2\/media?parent=194"}],"curies":[{"name":"wp","href":"https:\/\/api.w.org\/{rel}","templated":true}]}}